{"id":84,"date":"2023-06-08T14:53:18","date_gmt":"2023-06-08T12:53:18","guid":{"rendered":"http:\/\/www.lagrangeajean.fr\/?page_id=84"},"modified":"2025-06-06T14:47:44","modified_gmt":"2025-06-06T12:47:44","slug":"contact","status":"publish","type":"page","link":"https:\/\/www.lagrangeajean.fr\/index.php\/contact\/","title":{"rendered":"Contact"},"content":{"rendered":"\n<p>Nous contacter : <a href=\"mailto:contact@lagrangeajean.fr\">contact@lagrangeajean.fr<\/a><\/p>\n\n\n\n<p><\/p>\n\n\n\n<p>Pour devenir b\u00e9n\u00e9vole, recevoir nos newsletter, nous soutenir financi\u00e8rement ou laisser un message, remplissez ce formulaire :<\/p>\n\n\n\n<figure class=\"wp-block-image size-large\"><img loading=\"lazy\" decoding=\"async\" width=\"1024\" height=\"167\" src=\"https:\/\/www.lagrangeajean.fr\/wp-content\/uploads\/2023\/06\/piedpageaffichelagrangeajean-1-1024x167.png\" alt=\"\" class=\"wp-image-97\" srcset=\"https:\/\/www.lagrangeajean.fr\/wp-content\/uploads\/2023\/06\/piedpageaffichelagrangeajean-1-1024x167.png 1024w, https:\/\/www.lagrangeajean.fr\/wp-content\/uploads\/2023\/06\/piedpageaffichelagrangeajean-1-300x49.png 300w, https:\/\/www.lagrangeajean.fr\/wp-content\/uploads\/2023\/06\/piedpageaffichelagrangeajean-1-768x125.png 768w, https:\/\/www.lagrangeajean.fr\/wp-content\/uploads\/2023\/06\/piedpageaffichelagrangeajean-1.png 1380w\" sizes=\"auto, (max-width: 706px) 89vw, (max-width: 767px) 82vw, 740px\" \/><\/figure>\n\n\n\n<p><\/p>\n","protected":false},"excerpt":{"rendered":"<p>Nous contacter : contact@lagrangeajean.fr Pour devenir b\u00e9n\u00e9vole, recevoir nos newsletter, nous soutenir financi\u00e8rement ou laisser un message, remplissez ce formulaire :<\/p>\n","protected":false},"author":1,"featured_media":0,"parent":0,"menu_order":0,"comment_status":"open","ping_status":"closed","template":"","meta":{"footnotes":""},"class_list":["post-84","page","type-page","status-publish","hentry"],"_links":{"self":[{"href":"https:\/\/www.lagrangeajean.fr\/index.php\/wp-json\/wp\/v2\/pages\/84","targetHints":{"allow":["GET"]}}],"collection":[{"href":"https:\/\/www.lagrangeajean.fr\/index.php\/wp-json\/wp\/v2\/pages"}],"about":[{"href":"https:\/\/www.lagrangeajean.fr\/index.php\/wp-json\/wp\/v2\/types\/page"}],"author":[{"embeddable":true,"href":"https:\/\/www.lagrangeajean.fr\/index.php\/wp-json\/wp\/v2\/users\/1"}],"replies":[{"embeddable":true,"href":"https:\/\/www.lagrangeajean.fr\/index.php\/wp-json\/wp\/v2\/comments?post=84"}],"version-history":[{"count":9,"href":"https:\/\/www.lagrangeajean.fr\/index.php\/wp-json\/wp\/v2\/pages\/84\/revisions"}],"predecessor-version":[{"id":512,"href":"https:\/\/www.lagrangeajean.fr\/index.php\/wp-json\/wp\/v2\/pages\/84\/revisions\/512"}],"wp:attachment":[{"href":"https:\/\/www.lagrangeajean.fr\/index.php\/wp-json\/wp\/v2\/media?parent=84"}],"curies":[{"name":"wp","href":"https:\/\/api.w.org\/{rel}","templated":true}]}}