{"id":284,"date":"2024-02-28T16:12:58","date_gmt":"2024-02-28T15:12:58","guid":{"rendered":"https:\/\/www.lagrangeajean.fr\/?page_id=284"},"modified":"2025-01-29T15:33:08","modified_gmt":"2025-01-29T14:33:08","slug":"maraichage","status":"publish","type":"page","link":"https:\/\/www.lagrangeajean.fr\/index.php\/maraichage\/","title":{"rendered":"Mara\u00eechage"},"content":{"rendered":"\n<p>Notre activit\u00e9 de <strong>mara\u00eechage biologique<\/strong> repose sur une agriculture \u00e0 petite \u00e9chelle, o\u00f9 chaque l\u00e9gume est cultiv\u00e9 avec soin et dans le respect de la nature. Nous pratiquons une agriculture durable, <strong>sans pesticides ni engrais chimiques<\/strong>, pour vous offrir des l\u00e9gumes sains et savoureux, tout en pr\u00e9servant la biodiversit\u00e9 de l\u2019\u00e9cosyst\u00e8me local. Chaque r\u00e9colte est le fruit d\u2019un travail minutieux, respectant les cycles naturels, les saisons, et les rotations, afin de vous garantir des l\u00e9gumes frais et locaux.<\/p>\n\n\n\n<figure class=\"wp-block-gallery has-nested-images columns-default is-cropped wp-block-gallery-1 is-layout-flex wp-block-gallery-is-layout-flex\">\n<figure class=\"wp-block-image size-large\"><img loading=\"lazy\" decoding=\"async\" width=\"768\" height=\"1024\" data-id=\"386\" src=\"https:\/\/www.lagrangeajean.fr\/wp-content\/uploads\/2024\/07\/IMG-20240611-WA0012-768x1024.jpg\" alt=\"\" class=\"wp-image-386\" srcset=\"https:\/\/www.lagrangeajean.fr\/wp-content\/uploads\/2024\/07\/IMG-20240611-WA0012-768x1024.jpg 768w, https:\/\/www.lagrangeajean.fr\/wp-content\/uploads\/2024\/07\/IMG-20240611-WA0012-225x300.jpg 225w, https:\/\/www.lagrangeajean.fr\/wp-content\/uploads\/2024\/07\/IMG-20240611-WA0012-1152x1536.jpg 1152w, https:\/\/www.lagrangeajean.fr\/wp-content\/uploads\/2024\/07\/IMG-20240611-WA0012.jpg 1200w\" sizes=\"auto, (max-width: 706px) 89vw, (max-width: 767px) 82vw, 740px\" \/><\/figure>\n\n\n\n<figure class=\"wp-block-image size-large\"><img loading=\"lazy\" decoding=\"async\" width=\"1024\" height=\"768\" data-id=\"389\" src=\"https:\/\/www.lagrangeajean.fr\/wp-content\/uploads\/2024\/07\/IMG-20240611-WA0039-1024x768.jpg\" alt=\"\" class=\"wp-image-389\" srcset=\"https:\/\/www.lagrangeajean.fr\/wp-content\/uploads\/2024\/07\/IMG-20240611-WA0039-1024x768.jpg 1024w, https:\/\/www.lagrangeajean.fr\/wp-content\/uploads\/2024\/07\/IMG-20240611-WA0039-300x225.jpg 300w, https:\/\/www.lagrangeajean.fr\/wp-content\/uploads\/2024\/07\/IMG-20240611-WA0039-768x576.jpg 768w, https:\/\/www.lagrangeajean.fr\/wp-content\/uploads\/2024\/07\/IMG-20240611-WA0039-1536x1152.jpg 1536w, https:\/\/www.lagrangeajean.fr\/wp-content\/uploads\/2024\/07\/IMG-20240611-WA0039.jpg 1600w\" sizes=\"auto, (max-width: 706px) 89vw, (max-width: 767px) 82vw, 740px\" \/><\/figure>\n\n\n\n<figure class=\"wp-block-image size-large\"><img loading=\"lazy\" decoding=\"async\" width=\"1024\" height=\"768\" data-id=\"392\" src=\"https:\/\/www.lagrangeajean.fr\/wp-content\/uploads\/2024\/07\/IMG-20240611-WA0010-1024x768.jpg\" alt=\"\" class=\"wp-image-392\" srcset=\"https:\/\/www.lagrangeajean.fr\/wp-content\/uploads\/2024\/07\/IMG-20240611-WA0010-1024x768.jpg 1024w, https:\/\/www.lagrangeajean.fr\/wp-content\/uploads\/2024\/07\/IMG-20240611-WA0010-300x225.jpg 300w, https:\/\/www.lagrangeajean.fr\/wp-content\/uploads\/2024\/07\/IMG-20240611-WA0010-768x576.jpg 768w, https:\/\/www.lagrangeajean.fr\/wp-content\/uploads\/2024\/07\/IMG-20240611-WA0010-1536x1152.jpg 1536w, https:\/\/www.lagrangeajean.fr\/wp-content\/uploads\/2024\/07\/IMG-20240611-WA0010.jpg 2048w\" sizes=\"auto, (max-width: 706px) 89vw, (max-width: 767px) 82vw, 740px\" \/><\/figure>\n\n\n\n<figure class=\"wp-block-image size-large\"><img loading=\"lazy\" decoding=\"async\" width=\"1024\" height=\"768\" data-id=\"388\" src=\"https:\/\/www.lagrangeajean.fr\/wp-content\/uploads\/2024\/07\/IMG-20240611-WA0272-1024x768.jpg\" alt=\"\" class=\"wp-image-388\" srcset=\"https:\/\/www.lagrangeajean.fr\/wp-content\/uploads\/2024\/07\/IMG-20240611-WA0272-1024x768.jpg 1024w, https:\/\/www.lagrangeajean.fr\/wp-content\/uploads\/2024\/07\/IMG-20240611-WA0272-300x225.jpg 300w, https:\/\/www.lagrangeajean.fr\/wp-content\/uploads\/2024\/07\/IMG-20240611-WA0272-768x576.jpg 768w, https:\/\/www.lagrangeajean.fr\/wp-content\/uploads\/2024\/07\/IMG-20240611-WA0272-1536x1152.jpg 1536w, https:\/\/www.lagrangeajean.fr\/wp-content\/uploads\/2024\/07\/IMG-20240611-WA0272.jpg 1600w\" sizes=\"auto, (max-width: 706px) 89vw, (max-width: 767px) 82vw, 740px\" \/><\/figure>\n\n\n\n<figure class=\"wp-block-image size-large\"><img loading=\"lazy\" decoding=\"async\" width=\"1024\" height=\"768\" data-id=\"390\" src=\"https:\/\/www.lagrangeajean.fr\/wp-content\/uploads\/2024\/07\/IMG-20240611-WA0273-1024x768.jpg\" alt=\"\" class=\"wp-image-390\" srcset=\"https:\/\/www.lagrangeajean.fr\/wp-content\/uploads\/2024\/07\/IMG-20240611-WA0273-1024x768.jpg 1024w, https:\/\/www.lagrangeajean.fr\/wp-content\/uploads\/2024\/07\/IMG-20240611-WA0273-300x225.jpg 300w, https:\/\/www.lagrangeajean.fr\/wp-content\/uploads\/2024\/07\/IMG-20240611-WA0273-768x576.jpg 768w, https:\/\/www.lagrangeajean.fr\/wp-content\/uploads\/2024\/07\/IMG-20240611-WA0273-1536x1152.jpg 1536w, https:\/\/www.lagrangeajean.fr\/wp-content\/uploads\/2024\/07\/IMG-20240611-WA0273.jpg 1600w\" sizes=\"auto, (max-width: 706px) 89vw, (max-width: 767px) 82vw, 740px\" \/><\/figure>\n<\/figure>\n","protected":false},"excerpt":{"rendered":"<p>Notre activit\u00e9 de mara\u00eechage biologique repose sur une agriculture \u00e0 petite \u00e9chelle, o\u00f9 chaque l\u00e9gume est cultiv\u00e9 avec soin et dans le respect de la nature. Nous pratiquons une agriculture durable, sans pesticides ni engrais chimiques, pour vous offrir des l\u00e9gumes sains et savoureux, tout en pr\u00e9servant la biodiversit\u00e9 de l\u2019\u00e9cosyst\u00e8me local. Chaque r\u00e9colte est &hellip; <\/p>\n<p class=\"link-more\"><a href=\"https:\/\/www.lagrangeajean.fr\/index.php\/maraichage\/\" class=\"more-link\">Continuer la lecture<span class=\"screen-reader-text\"> de &laquo;&nbsp;Mara\u00eechage&nbsp;&raquo;<\/span><\/a><\/p>\n","protected":false},"author":1,"featured_media":0,"parent":0,"menu_order":0,"comment_status":"closed","ping_status":"closed","template":"","meta":{"footnotes":""},"class_list":["post-284","page","type-page","status-publish","hentry"],"_links":{"self":[{"href":"https:\/\/www.lagrangeajean.fr\/index.php\/wp-json\/wp\/v2\/pages\/284","targetHints":{"allow":["GET"]}}],"collection":[{"href":"https:\/\/www.lagrangeajean.fr\/index.php\/wp-json\/wp\/v2\/pages"}],"about":[{"href":"https:\/\/www.lagrangeajean.fr\/index.php\/wp-json\/wp\/v2\/types\/page"}],"author":[{"embeddable":true,"href":"https:\/\/www.lagrangeajean.fr\/index.php\/wp-json\/wp\/v2\/users\/1"}],"replies":[{"embeddable":true,"href":"https:\/\/www.lagrangeajean.fr\/index.php\/wp-json\/wp\/v2\/comments?post=284"}],"version-history":[{"count":5,"href":"https:\/\/www.lagrangeajean.fr\/index.php\/wp-json\/wp\/v2\/pages\/284\/revisions"}],"predecessor-version":[{"id":477,"href":"https:\/\/www.lagrangeajean.fr\/index.php\/wp-json\/wp\/v2\/pages\/284\/revisions\/477"}],"wp:attachment":[{"href":"https:\/\/www.lagrangeajean.fr\/index.php\/wp-json\/wp\/v2\/media?parent=284"}],"curies":[{"name":"wp","href":"https:\/\/api.w.org\/{rel}","templated":true}]}}