{"id":281,"date":"2024-02-28T16:12:58","date_gmt":"2024-02-28T15:12:58","guid":{"rendered":"https:\/\/www.lagrangeajean.fr\/?page_id=281"},"modified":"2025-01-29T15:11:43","modified_gmt":"2025-01-29T14:11:43","slug":"elevage","status":"publish","type":"page","link":"https:\/\/www.lagrangeajean.fr\/index.php\/elevage\/","title":{"rendered":"Elevage"},"content":{"rendered":"\n<p>L\u2019activit\u00e9 historique de la ferme est l\u2019\u00e9levage, nous perp\u00e9tuons une tradition d\u2019\u00e9levage biologique, o\u00f9 le respect de l&rsquo;environnement et le bien-\u00eatre animal sont au c\u0153ur de nos pratiques. <\/p>\n\n\n\n<p>Nous \u00e9levons avec soin une <strong>cinquantaine de brebis<\/strong>, une <strong>trentaine de vaches laiti\u00e8res et leur suite<\/strong> (veaux, g\u00e9nisses), quelques <strong>porcs plein air<\/strong>, et depuis 2023 des poules pondeuses. Nos animaux p\u00e2turent sur les parcelles autour de la ferme et b\u00e9n\u00e9ficient d&rsquo;une alimentation biologique au maximum produite sur la ferme (foin, m\u00e9teil, luzerne). <\/p>\n\n\n\n<p>Nous sommes en mono-traite et transformons l&rsquo;essentiel de notre lait en produits laitiers sur place. Une partie est vendue aupr\u00e8s de la coop\u00e9rative Biolait. Nous proposons \u00e9galement des colis de viande (agneau, porc, veau) ainsi que de la charcuterie gr\u00e2ce \u00e0 notre partenariat avec l&rsquo;atelier de transformation de la ferme des Lozamies (63).<\/p>\n\n\n\n<figure class=\"wp-block-gallery has-nested-images columns-default is-cropped wp-block-gallery-1 is-layout-flex wp-block-gallery-is-layout-flex\">\n<figure class=\"wp-block-image size-large\"><img loading=\"lazy\" decoding=\"async\" width=\"1024\" height=\"768\" data-id=\"375\" src=\"https:\/\/www.lagrangeajean.fr\/wp-content\/uploads\/2024\/07\/IMG-20240611-WA0098-1024x768.jpg\" alt=\"\" class=\"wp-image-375\" srcset=\"https:\/\/www.lagrangeajean.fr\/wp-content\/uploads\/2024\/07\/IMG-20240611-WA0098-1024x768.jpg 1024w, https:\/\/www.lagrangeajean.fr\/wp-content\/uploads\/2024\/07\/IMG-20240611-WA0098-300x225.jpg 300w, https:\/\/www.lagrangeajean.fr\/wp-content\/uploads\/2024\/07\/IMG-20240611-WA0098-768x576.jpg 768w, https:\/\/www.lagrangeajean.fr\/wp-content\/uploads\/2024\/07\/IMG-20240611-WA0098-1536x1152.jpg 1536w, https:\/\/www.lagrangeajean.fr\/wp-content\/uploads\/2024\/07\/IMG-20240611-WA0098.jpg 2048w\" sizes=\"auto, (max-width: 706px) 89vw, (max-width: 767px) 82vw, 740px\" \/><\/figure>\n\n\n\n<figure class=\"wp-block-image size-large\"><img loading=\"lazy\" decoding=\"async\" width=\"1024\" height=\"768\" data-id=\"377\" src=\"https:\/\/www.lagrangeajean.fr\/wp-content\/uploads\/2024\/07\/IMG-20240611-WA0111-1024x768.jpg\" alt=\"\" class=\"wp-image-377\" srcset=\"https:\/\/www.lagrangeajean.fr\/wp-content\/uploads\/2024\/07\/IMG-20240611-WA0111-1024x768.jpg 1024w, https:\/\/www.lagrangeajean.fr\/wp-content\/uploads\/2024\/07\/IMG-20240611-WA0111-300x225.jpg 300w, https:\/\/www.lagrangeajean.fr\/wp-content\/uploads\/2024\/07\/IMG-20240611-WA0111-768x576.jpg 768w, https:\/\/www.lagrangeajean.fr\/wp-content\/uploads\/2024\/07\/IMG-20240611-WA0111-1536x1152.jpg 1536w, https:\/\/www.lagrangeajean.fr\/wp-content\/uploads\/2024\/07\/IMG-20240611-WA0111.jpg 1600w\" sizes=\"auto, (max-width: 706px) 89vw, (max-width: 767px) 82vw, 740px\" \/><\/figure>\n\n\n\n<figure class=\"wp-block-image size-large\"><img loading=\"lazy\" decoding=\"async\" width=\"1024\" height=\"768\" data-id=\"376\" src=\"https:\/\/www.lagrangeajean.fr\/wp-content\/uploads\/2024\/07\/IMG-20240611-WA0236-1024x768.jpg\" alt=\"\" class=\"wp-image-376\" srcset=\"https:\/\/www.lagrangeajean.fr\/wp-content\/uploads\/2024\/07\/IMG-20240611-WA0236-1024x768.jpg 1024w, https:\/\/www.lagrangeajean.fr\/wp-content\/uploads\/2024\/07\/IMG-20240611-WA0236-300x225.jpg 300w, https:\/\/www.lagrangeajean.fr\/wp-content\/uploads\/2024\/07\/IMG-20240611-WA0236-768x576.jpg 768w, https:\/\/www.lagrangeajean.fr\/wp-content\/uploads\/2024\/07\/IMG-20240611-WA0236-1536x1152.jpg 1536w, https:\/\/www.lagrangeajean.fr\/wp-content\/uploads\/2024\/07\/IMG-20240611-WA0236.jpg 2048w\" sizes=\"auto, (max-width: 706px) 89vw, (max-width: 767px) 82vw, 740px\" \/><\/figure>\n\n\n\n<figure class=\"wp-block-image size-large\"><img loading=\"lazy\" decoding=\"async\" width=\"1024\" height=\"768\" data-id=\"378\" src=\"https:\/\/www.lagrangeajean.fr\/wp-content\/uploads\/2024\/07\/IMG-20240611-WA0121-1024x768.jpg\" alt=\"\" class=\"wp-image-378\" srcset=\"https:\/\/www.lagrangeajean.fr\/wp-content\/uploads\/2024\/07\/IMG-20240611-WA0121-1024x768.jpg 1024w, https:\/\/www.lagrangeajean.fr\/wp-content\/uploads\/2024\/07\/IMG-20240611-WA0121-300x225.jpg 300w, https:\/\/www.lagrangeajean.fr\/wp-content\/uploads\/2024\/07\/IMG-20240611-WA0121-768x576.jpg 768w, https:\/\/www.lagrangeajean.fr\/wp-content\/uploads\/2024\/07\/IMG-20240611-WA0121-1536x1152.jpg 1536w, https:\/\/www.lagrangeajean.fr\/wp-content\/uploads\/2024\/07\/IMG-20240611-WA0121.jpg 1600w\" sizes=\"auto, (max-width: 706px) 89vw, (max-width: 767px) 82vw, 740px\" \/><\/figure>\n<\/figure>\n","protected":false},"excerpt":{"rendered":"<p>L\u2019activit\u00e9 historique de la ferme est l\u2019\u00e9levage, nous perp\u00e9tuons une tradition d\u2019\u00e9levage biologique, o\u00f9 le respect de l&rsquo;environnement et le bien-\u00eatre animal sont au c\u0153ur de nos pratiques. Nous \u00e9levons avec soin une cinquantaine de brebis, une trentaine de vaches laiti\u00e8res et leur suite (veaux, g\u00e9nisses), quelques porcs plein air, et depuis 2023 des poules &hellip; <\/p>\n<p class=\"link-more\"><a href=\"https:\/\/www.lagrangeajean.fr\/index.php\/elevage\/\" class=\"more-link\">Continuer la lecture<span class=\"screen-reader-text\"> de &laquo;&nbsp;Elevage&nbsp;&raquo;<\/span><\/a><\/p>\n","protected":false},"author":1,"featured_media":0,"parent":0,"menu_order":0,"comment_status":"closed","ping_status":"closed","template":"","meta":{"footnotes":""},"class_list":["post-281","page","type-page","status-publish","hentry"],"_links":{"self":[{"href":"https:\/\/www.lagrangeajean.fr\/index.php\/wp-json\/wp\/v2\/pages\/281","targetHints":{"allow":["GET"]}}],"collection":[{"href":"https:\/\/www.lagrangeajean.fr\/index.php\/wp-json\/wp\/v2\/pages"}],"about":[{"href":"https:\/\/www.lagrangeajean.fr\/index.php\/wp-json\/wp\/v2\/types\/page"}],"author":[{"embeddable":true,"href":"https:\/\/www.lagrangeajean.fr\/index.php\/wp-json\/wp\/v2\/users\/1"}],"replies":[{"embeddable":true,"href":"https:\/\/www.lagrangeajean.fr\/index.php\/wp-json\/wp\/v2\/comments?post=281"}],"version-history":[{"count":5,"href":"https:\/\/www.lagrangeajean.fr\/index.php\/wp-json\/wp\/v2\/pages\/281\/revisions"}],"predecessor-version":[{"id":472,"href":"https:\/\/www.lagrangeajean.fr\/index.php\/wp-json\/wp\/v2\/pages\/281\/revisions\/472"}],"wp:attachment":[{"href":"https:\/\/www.lagrangeajean.fr\/index.php\/wp-json\/wp\/v2\/media?parent=281"}],"curies":[{"name":"wp","href":"https:\/\/api.w.org\/{rel}","templated":true}]}}