{"id":189,"date":"2023-06-22T11:14:25","date_gmt":"2023-06-22T09:14:25","guid":{"rendered":"http:\/\/www.lagrangeajean.fr\/?page_id=189"},"modified":"2026-02-24T21:48:28","modified_gmt":"2026-02-24T20:48:28","slug":"actualites","status":"publish","type":"page","link":"https:\/\/www.lagrangeajean.fr\/index.php\/actualites\/","title":{"rendered":"Actualit\u00e9s"},"content":{"rendered":"\n<p>L&rsquo;association recherche un.e personne en service civique afin de participer \u00e0 la programmation culturelle des activit\u00e9s et au d\u00e9veloppement de l&rsquo;offre. <\/p>\n\n\n\n<p>Plus d&rsquo;infos ici : <a href=\"https:\/\/www.service-civique.gouv.fr\/trouver-ma-mission\/mediation-aupres-des-publics-du-territoire-lien-social-communication-et-rayonnement-65f06bef566d740555015b48\">https:\/\/www.service-civique.gouv.fr\/trouver-ma-mission\/mediation-aupres-des-publics-du-territoire-lien-social-communication-et-rayonnement-65f06bef566d740555015b48<\/a><\/p>\n\n\n\n<figure class=\"wp-block-image size-large\"><img loading=\"lazy\" decoding=\"async\" width=\"724\" height=\"1024\" src=\"https:\/\/www.lagrangeajean.fr\/wp-content\/uploads\/2026\/02\/VISUEL-GRANGE-A-JEAN-MARS-AVRIL-2026-1-724x1024.jpg\" alt=\"\" class=\"wp-image-574\" srcset=\"https:\/\/www.lagrangeajean.fr\/wp-content\/uploads\/2026\/02\/VISUEL-GRANGE-A-JEAN-MARS-AVRIL-2026-1-724x1024.jpg 724w, https:\/\/www.lagrangeajean.fr\/wp-content\/uploads\/2026\/02\/VISUEL-GRANGE-A-JEAN-MARS-AVRIL-2026-1-212x300.jpg 212w, https:\/\/www.lagrangeajean.fr\/wp-content\/uploads\/2026\/02\/VISUEL-GRANGE-A-JEAN-MARS-AVRIL-2026-1-768x1086.jpg 768w, https:\/\/www.lagrangeajean.fr\/wp-content\/uploads\/2026\/02\/VISUEL-GRANGE-A-JEAN-MARS-AVRIL-2026-1-1086x1536.jpg 1086w, https:\/\/www.lagrangeajean.fr\/wp-content\/uploads\/2026\/02\/VISUEL-GRANGE-A-JEAN-MARS-AVRIL-2026-1.jpg 1414w\" sizes=\"auto, (max-width: 724px) 100vw, 724px\" \/><\/figure>\n\n\n\n<figure class=\"wp-block-image size-large\"><img loading=\"lazy\" decoding=\"async\" width=\"724\" height=\"1024\" src=\"https:\/\/www.lagrangeajean.fr\/wp-content\/uploads\/2026\/02\/VISUEL-GRANGE-A-JEAN-JAN-FEV-2026_page-0001-1-724x1024.jpg\" alt=\"\" class=\"wp-image-573\" srcset=\"https:\/\/www.lagrangeajean.fr\/wp-content\/uploads\/2026\/02\/VISUEL-GRANGE-A-JEAN-JAN-FEV-2026_page-0001-1-724x1024.jpg 724w, https:\/\/www.lagrangeajean.fr\/wp-content\/uploads\/2026\/02\/VISUEL-GRANGE-A-JEAN-JAN-FEV-2026_page-0001-1-212x300.jpg 212w, https:\/\/www.lagrangeajean.fr\/wp-content\/uploads\/2026\/02\/VISUEL-GRANGE-A-JEAN-JAN-FEV-2026_page-0001-1-768x1086.jpg 768w, https:\/\/www.lagrangeajean.fr\/wp-content\/uploads\/2026\/02\/VISUEL-GRANGE-A-JEAN-JAN-FEV-2026_page-0001-1-1086x1536.jpg 1086w, https:\/\/www.lagrangeajean.fr\/wp-content\/uploads\/2026\/02\/VISUEL-GRANGE-A-JEAN-JAN-FEV-2026_page-0001-1.jpg 1241w\" sizes=\"auto, (max-width: 724px) 100vw, 724px\" \/><\/figure>\n\n\n\n<figure class=\"wp-block-image size-full\"><img loading=\"lazy\" decoding=\"async\" width=\"1241\" height=\"1755\" src=\"https:\/\/www.lagrangeajean.fr\/wp-content\/uploads\/2025\/10\/visuel_Grange_a_Jean_nov-dec-2025_page-00011-1.jpg\" alt=\"\" class=\"wp-image-546\" srcset=\"https:\/\/www.lagrangeajean.fr\/wp-content\/uploads\/2025\/10\/visuel_Grange_a_Jean_nov-dec-2025_page-00011-1.jpg 1241w, https:\/\/www.lagrangeajean.fr\/wp-content\/uploads\/2025\/10\/visuel_Grange_a_Jean_nov-dec-2025_page-00011-1-212x300.jpg 212w, https:\/\/www.lagrangeajean.fr\/wp-content\/uploads\/2025\/10\/visuel_Grange_a_Jean_nov-dec-2025_page-00011-1-724x1024.jpg 724w, https:\/\/www.lagrangeajean.fr\/wp-content\/uploads\/2025\/10\/visuel_Grange_a_Jean_nov-dec-2025_page-00011-1-768x1086.jpg 768w, https:\/\/www.lagrangeajean.fr\/wp-content\/uploads\/2025\/10\/visuel_Grange_a_Jean_nov-dec-2025_page-00011-1-1086x1536.jpg 1086w\" sizes=\"auto, (max-width: 706px) 89vw, (max-width: 767px) 82vw, 740px\" \/><figcaption class=\"wp-element-caption\">affiche GRANGE \u00e0 JEAN janv fev2024.pdf &#8211; affiche sept-oct 2025<\/figcaption><\/figure>\n\n\n\n<figure class=\"wp-block-image size-large\"><img loading=\"lazy\" decoding=\"async\" width=\"724\" height=\"1024\" src=\"https:\/\/www.lagrangeajean.fr\/wp-content\/uploads\/2025\/08\/unnamed3-724x1024.jpg\" alt=\"\" class=\"wp-image-529\" srcset=\"https:\/\/www.lagrangeajean.fr\/wp-content\/uploads\/2025\/08\/unnamed3-724x1024.jpg 724w, https:\/\/www.lagrangeajean.fr\/wp-content\/uploads\/2025\/08\/unnamed3-212x300.jpg 212w, https:\/\/www.lagrangeajean.fr\/wp-content\/uploads\/2025\/08\/unnamed3-768x1086.jpg 768w, https:\/\/www.lagrangeajean.fr\/wp-content\/uploads\/2025\/08\/unnamed3-1086x1536.jpg 1086w, https:\/\/www.lagrangeajean.fr\/wp-content\/uploads\/2025\/08\/unnamed3.jpg 1414w\" sizes=\"auto, (max-width: 724px) 100vw, 724px\" \/><\/figure>\n\n\n\n<figure class=\"wp-block-image size-large\"><img loading=\"lazy\" decoding=\"async\" width=\"724\" height=\"1024\" src=\"https:\/\/www.lagrangeajean.fr\/wp-content\/uploads\/2025\/06\/visuel_grange_ajean_-juillet-2025-724x1024.jpg\" alt=\"\" class=\"wp-image-514\" srcset=\"https:\/\/www.lagrangeajean.fr\/wp-content\/uploads\/2025\/06\/visuel_grange_ajean_-juillet-2025-724x1024.jpg 724w, https:\/\/www.lagrangeajean.fr\/wp-content\/uploads\/2025\/06\/visuel_grange_ajean_-juillet-2025-212x300.jpg 212w, https:\/\/www.lagrangeajean.fr\/wp-content\/uploads\/2025\/06\/visuel_grange_ajean_-juillet-2025-768x1086.jpg 768w, https:\/\/www.lagrangeajean.fr\/wp-content\/uploads\/2025\/06\/visuel_grange_ajean_-juillet-2025-1086x1536.jpg 1086w, https:\/\/www.lagrangeajean.fr\/wp-content\/uploads\/2025\/06\/visuel_grange_ajean_-juillet-2025.jpg 1414w\" sizes=\"auto, (max-width: 724px) 100vw, 724px\" \/><\/figure>\n\n\n\n<figure class=\"wp-block-image size-full\"><img loading=\"lazy\" decoding=\"async\" width=\"909\" height=\"515\" src=\"https:\/\/www.lagrangeajean.fr\/wp-content\/uploads\/2025\/03\/com.jpg\" alt=\"\" class=\"wp-image-495\" srcset=\"https:\/\/www.lagrangeajean.fr\/wp-content\/uploads\/2025\/03\/com.jpg 909w, https:\/\/www.lagrangeajean.fr\/wp-content\/uploads\/2025\/03\/com-300x170.jpg 300w, https:\/\/www.lagrangeajean.fr\/wp-content\/uploads\/2025\/03\/com-768x435.jpg 768w\" sizes=\"auto, (max-width: 706px) 89vw, (max-width: 767px) 82vw, 740px\" \/><\/figure>\n\n\n\n<p><\/p>\n\n\n\n<figure class=\"wp-block-image size-full\"><img loading=\"lazy\" decoding=\"async\" width=\"1414\" height=\"2000\" src=\"https:\/\/www.lagrangeajean.fr\/wp-content\/uploads\/2025\/02\/affiche-mars-avril-2025.jpg\" alt=\"\" class=\"wp-image-479\" srcset=\"https:\/\/www.lagrangeajean.fr\/wp-content\/uploads\/2025\/02\/affiche-mars-avril-2025.jpg 1414w, https:\/\/www.lagrangeajean.fr\/wp-content\/uploads\/2025\/02\/affiche-mars-avril-2025-212x300.jpg 212w, https:\/\/www.lagrangeajean.fr\/wp-content\/uploads\/2025\/02\/affiche-mars-avril-2025-724x1024.jpg 724w, https:\/\/www.lagrangeajean.fr\/wp-content\/uploads\/2025\/02\/affiche-mars-avril-2025-768x1086.jpg 768w, https:\/\/www.lagrangeajean.fr\/wp-content\/uploads\/2025\/02\/affiche-mars-avril-2025-1086x1536.jpg 1086w\" sizes=\"auto, (max-width: 706px) 89vw, (max-width: 767px) 82vw, 740px\" \/><\/figure>\n\n\n\n<figure class=\"wp-block-image size-full\"><img loading=\"lazy\" decoding=\"async\" width=\"555\" height=\"786\" src=\"https:\/\/www.lagrangeajean.fr\/wp-content\/uploads\/2025\/02\/tdl.jpg\" alt=\"\" class=\"wp-image-483\" srcset=\"https:\/\/www.lagrangeajean.fr\/wp-content\/uploads\/2025\/02\/tdl.jpg 555w, https:\/\/www.lagrangeajean.fr\/wp-content\/uploads\/2025\/02\/tdl-212x300.jpg 212w\" sizes=\"auto, (max-width: 555px) 100vw, 555px\" \/><\/figure>\n\n\n\n\n\n<p><\/p>\n\n\n\n<p><\/p>\n","protected":false},"excerpt":{"rendered":"<p>L&rsquo;association recherche un.e personne en service civique afin de participer \u00e0 la programmation culturelle des activit\u00e9s et au d\u00e9veloppement de l&rsquo;offre. Plus d&rsquo;infos ici : https:\/\/www.service-civique.gouv.fr\/trouver-ma-mission\/mediation-aupres-des-publics-du-territoire-lien-social-communication-et-rayonnement-65f06bef566d740555015b48<\/p>\n","protected":false},"author":1,"featured_media":0,"parent":0,"menu_order":0,"comment_status":"closed","ping_status":"closed","template":"","meta":{"footnotes":""},"class_list":["post-189","page","type-page","status-publish","hentry"],"_links":{"self":[{"href":"https:\/\/www.lagrangeajean.fr\/index.php\/wp-json\/wp\/v2\/pages\/189","targetHints":{"allow":["GET"]}}],"collection":[{"href":"https:\/\/www.lagrangeajean.fr\/index.php\/wp-json\/wp\/v2\/pages"}],"about":[{"href":"https:\/\/www.lagrangeajean.fr\/index.php\/wp-json\/wp\/v2\/types\/page"}],"author":[{"embeddable":true,"href":"https:\/\/www.lagrangeajean.fr\/index.php\/wp-json\/wp\/v2\/users\/1"}],"replies":[{"embeddable":true,"href":"https:\/\/www.lagrangeajean.fr\/index.php\/wp-json\/wp\/v2\/comments?post=189"}],"version-history":[{"count":33,"href":"https:\/\/www.lagrangeajean.fr\/index.php\/wp-json\/wp\/v2\/pages\/189\/revisions"}],"predecessor-version":[{"id":575,"href":"https:\/\/www.lagrangeajean.fr\/index.php\/wp-json\/wp\/v2\/pages\/189\/revisions\/575"}],"wp:attachment":[{"href":"https:\/\/www.lagrangeajean.fr\/index.php\/wp-json\/wp\/v2\/media?parent=189"}],"curies":[{"name":"wp","href":"https:\/\/api.w.org\/{rel}","templated":true}]}}